{"id":93,"date":"2018-04-29T19:49:14","date_gmt":"2018-04-29T19:49:14","guid":{"rendered":"http:\/\/solonick.webredox.net\/half-slider-copy\/"},"modified":"2026-05-04T02:11:52","modified_gmt":"2026-05-03T23:11:52","slug":"fullscreen-slider","status":"publish","type":"page","link":"https:\/\/worksdizayn.com\/","title":{"rendered":"Fullscreen  Slider"},"content":{"rendered":"<div class=\"wpb-content-wrapper\">[vc_row scroll_id=&#8221;hakkimizda&#8221; opt_line_sec=&#8221;st2&#8243; opt_parallax_block_sec=&#8221;st2&#8243; opt_title_sec=&#8221;st2&#8243; solonick_title=&#8221;`{`span`}`\/\/`{`\/span`}`Words About&#8221;][vc_column width=&#8221;5\/12&#8243;]<div class=\"collage-image fl-wrap\"><div class=\"collage-image-title\" data-scrollax=\"properties: { translateY: &#039;150px&#039; }\">B\u0130Z K\u0130M\u0130Z<\/div><img decoding=\"async\" src=\"https:\/\/worksdizayn.com\/wp-content\/uploads\/2023\/02\/logo_cup.jpg\" class=\"respimg\" alt=\"B\u0130Z K\u0130M\u0130Z\"><\/div>[\/vc_column][vc_column width=&#8221;7\/12&#8243;][wr_vc_textblock small_title=&#8221;G\u00f6r\u00fcn\u00fcm\u00fcne \u00f6nem verenlerin tercihi&#8221; big_title=&#8221;`{`span`}`Yenilik\u00e7i `{`\/span`}`projelerinizi `{`br`}`desteklemek i\u00e7in yenilik\u00e7i \u00e7\u00f6z\u00fcmler&#8221;]\n<div data-pm-slice=\"1 1 []\" data-en-clipboard=\"true\">Yenilikleri ve teknolojiyi takip eden m\u00fc\u015fterilerimize 3d modelleme ve animasyon alan\u0131nda profesyonel hizmetler sa\u011fl\u0131yoruz. Projelerinizi 2d ve 3d olarak tasarlayarak projelerinizin pazarlanmas\u0131nda yard\u0131mc\u0131 oluyoruz. \u0130ster mimari , ister mobilya, ister end\u00fcstriyel tasar\u0131mlarda olsun sizlere en ger\u00e7ek\u00e7i tasar\u0131mlar\u0131 sunuyoruz. 3D modelleme ve tasar\u0131m alanlar\u0131nda sizlere her daim zaman kazand\u0131r\u0131yoruz.<\/div>\n[\/wr_vc_textblock][vc_row_inner][vc_column_inner width=&#8221;1\/2&#8243;]<div class=\"main-about  \"><div class=\"features-box-container class-feature-1 fl-wrap\"><div class=\"row features-box\"><div class=\"time-line-icon\">\n                  <i class=\"fal fa-bring-forward\"><\/i>\n                  <\/div><h3>3D Tasar\u0131m<\/h3><div data-pm-slice=\"1 1 []\" data-en-clipboard=\"true\">Gerek mimari gerek end\u00fcstriyel tasar\u0131mlar\u0131n\u0131z\u0131 3d modelleme programlar\u0131 sayesinde m\u00fc\u015fterilerinize \u00fcr\u00fcnlerin tamamlanm\u0131\u015f hallerini sunuyoruz. Projelerinizin yap\u0131m\u0131 devam ederken siz m\u00fc\u015fterilerinize dijital alanda projelerinizin detaylar\u0131n\u0131n sunumunu yapabiliriz.<\/div><\/div><\/div><\/div><div class=\"main-about  \"><div class=\"features-box-container class-feature-1 fl-wrap\"><div class=\"row features-box\"><div class=\"time-line-icon\">\n                  <i class=\"fal fa-desktop-alt\"><\/i>\n                  <\/div><h3>Web Tasar\u0131m<\/h3><div data-pm-slice=\"1 1 []\" data-en-clipboard=\"true\">Web\u00a0sitesi kurumunuza ait kullan\u0131m\u0131 kolay ve eri\u015filebilir olas\u0131n\u0131n yan\u0131 s\u0131ra arama motorlar\u0131 optimizasyonuna uygun haz\u0131rlanmal\u0131 g\u00fcncel yaz\u0131l\u0131m dilleri tasarlan\u0131p uygulanmal\u0131. Alan\u0131nda uzaman ekip ile sizlere daima en iyi web tasar\u0131m yaz\u0131l\u0131m ve uygulama hizmeti sunaca\u011f\u0131z.<\/div><\/div><\/div><\/div>[\/vc_column_inner][vc_column_inner width=&#8221;1\/2&#8243;]<div class=\"main-about  \"><div class=\"features-box-container class-feature-1 fl-wrap\"><div class=\"row features-box\"><div class=\"time-line-icon\">\n                  <i class=\"fal fa-film-canister\"><\/i>\n                  <\/div><h3>Animasyon<\/h3><p>3D animasyon konusunda sizlere profesyonel hizmeti do\u011fru zamanda ve en y\u00fcksek kalitede sunmay\u0131 ama\u00e7l\u0131yoruz. <\/p><\/div><\/div><\/div><div class=\"main-about  \"><div class=\"features-box-container class-feature-1 fl-wrap\"><div class=\"row features-box\"><div class=\"time-line-icon\">\n                  <i class=\"fal fa-pen-nib\"><\/i>\n                  <\/div><h3>Grafik Tasar\u0131m<\/h3><p>Firman\u0131z\u0131n aynas\u0131 olarak kabul edilen kurumsal kimlik tasar\u0131m\u0131 ve dergi katalog tasar\u0131m\u0131, afi\u015f tasar\u0131m\u0131, el ilan\u0131 tasar\u0131m\u0131, promosyon \u00fcr\u00fcn tasar\u0131m\u0131, promosyon \u00fcr\u00fcnleri, kartvizit tasar\u0131m\u0131, web tasar\u0131m\u0131, logo tasar\u0131m\u0131 gibi hizmetlerin tasar\u0131m\u0131 ve bask\u0131 hizmetlerini kapsamaktad\u0131r. <\/p><\/div><\/div><\/div>[\/vc_column_inner][\/vc_row_inner][vc_empty_space height=&#8221;10px&#8221;]<div class=\"main-about\"><a href=\"http:\/\/solonick.webredox.net\/portfolio\" class=\"btn float-btn flat-btn color-btn\" target=\"_self\" rel=\"noopener noreferrer\">REFERANSLAR<\/a><\/div>[\/vc_column][\/vc_row][vc_row row_type=&#8221;sec3&#8243; sec_background_image=&#8221;477&#8243; solonick_sec_title=&#8221;\u00c7ALI\u015eMA&#8221; solonick_sec_big_title=&#8221;M\u00fc\u015fterilerimizin memnuniyeti bizler i\u00e7in \u00f6nceliklidir. Y\u00fczlerce proje tamamlay\u0131p mutlu m\u00fc\u015fteriler kazand\u0131k&#8221; solonick_sec_dectiption=&#8221;We have a wide range of pneumatic and vacuum components and conveyor belts and systems specifically suiting the precise needs of the print and packaging industry.&#8221;][vc_column width=&#8221;1\/4&#8243;]<div class=\"fl-wrap facts-holder solonick-facts\"><div class=\"inline-facts-wrap\">\n                <div class=\"inline-facts\">\n                    <div class=\"milestone-counter\">\n                        <div class=\"stats animaper\">\n                            <div class=\"num\" data-content=\"0\" data-num=\"650\">0<\/div>\n                        <\/div>\n                    <\/div>\n                    <h6>3D Modelleme<\/h6>\n                <\/div>\n                <\/div><\/div>[\/vc_column][vc_column width=&#8221;1\/4&#8243;]<div class=\"fl-wrap facts-holder solonick-facts\"><div class=\"inline-facts-wrap\">\n                <div class=\"inline-facts\">\n                    <div class=\"milestone-counter\">\n                        <div class=\"stats animaper\">\n                            <div class=\"num\" data-content=\"0\" data-num=\"420\">0<\/div>\n                        <\/div>\n                    <\/div>\n                    <h6>Animasyon<\/h6>\n                <\/div>\n                <\/div><\/div>[\/vc_column][vc_column width=&#8221;1\/4&#8243;]<div class=\"fl-wrap facts-holder solonick-facts\"><div class=\"inline-facts-wrap\">\n                <div class=\"inline-facts\">\n                    <div class=\"milestone-counter\">\n                        <div class=\"stats animaper\">\n                            <div class=\"num\" data-content=\"0\" data-num=\"232\">0<\/div>\n                        <\/div>\n                    <\/div>\n                    <h6>Web Tasar\u0131m<\/h6>\n                <\/div>\n                <\/div><\/div>[\/vc_column][vc_column width=&#8221;1\/4&#8243;]<div class=\"fl-wrap facts-holder solonick-facts\"><div class=\"inline-facts-wrap\">\n                <div class=\"inline-facts\">\n                    <div class=\"milestone-counter\">\n                        <div class=\"stats animaper\">\n                            <div class=\"num\" data-content=\"0\" data-num=\"362\">0<\/div>\n                        <\/div>\n                    <\/div>\n                    <h6>Grafik Tasar\u0131m<\/h6>\n                <\/div>\n                <\/div><\/div>[\/vc_column][\/vc_row][vc_row scroll_id=&#8221;projelerimiz&#8221; opt_line_sec=&#8221;st2&#8243; solonick_title=&#8221;CREATIVE VFX `{`span`}`\/\/`{`\/span`}`&#8221; solonick_small_title=&#8221;De\u011ferleriniz De\u011ferlerimizdir&#8221; solonick_big_title=&#8221;Harika `{`span`}` Tasar\u0131mlar`{`\/span`}`&#8221; solonick_dectiption=&#8221;Alan\u0131nda uzaman kadromuz ile hedeflemi\u015f oldu\u011funuz projeleri 3d modelleyerek ger\u00e7e\u011fe d\u00f6n\u00fc\u015ft\u00fcr\u00fcyoruz.&#8221;][vc_column]<div class=\"custom-inner-holder\"><div class=\"custom-inner clear\"><div class=\"row\"><div class=\"col-md-4\"><div class=\"custom-inner-header workres\"><i class=\"fa fa-briefcase\"><\/i><h3>OVA OF\u0130S \u0130ZM\u0130R<\/h3><span>2022-2023<\/span><\/div><div class=\"ci-num\"><span>01. -<\/span><\/div><\/div><div class=\"col-md-4\"><img decoding=\"async\" src=\"https:\/\/worksdizayn.com\/wp-content\/uploads\/2018\/04\/tasarim-1.jpg\" class=\"respimg-alt\" data-scrollax=\"properties: { translateY: &#039;-170px&#039; }\" alt=\"OVA OF\u0130S \u0130ZM\u0130R\"><\/div><div class=\"col-md-4\"><div class=\"custom-inner-content fl-wrap\"><h4>\"Ova Ofis\" Projesi Tamamlanan<\/h4>\r\n\u0130zmir \u015fehrinde projelerini hayata ge\u00e7iren Ova \u0130n\u015faat 2022 kas\u0131m ay\u0131nda bizleri se\u00e7erek i\u00e7 mekan ofis tasar\u0131mlar\u0131n\u0131 tamamlad\u0131k.\r\n<ul>\r\n \t<li>Genel Plan<\/li>\r\n \t<li>Mobilya Tasar\u0131m\u0131<\/li>\r\n \t<li>\u0130\u00e7 Mekan Tasar\u0131m\u0131<\/li>\r\n<\/ul><\/div><\/div><\/div><\/div><div class=\"clear\"><\/div><div class=\"custom-inner clear\"><div class=\"row\"><div class=\"col-md-4\"><div class=\"custom-inner-header workres\"><i class=\"fa fa-briefcase\"><\/i><h3>GARDEN LOFT ANKARA<\/h3><span>2022-2022<\/span><\/div><div class=\"ci-num\"><span>02. -<\/span><\/div><\/div><div class=\"col-md-4\"><img decoding=\"async\" src=\"https:\/\/worksdizayn.com\/wp-content\/uploads\/2018\/04\/icmekan-1.jpg\" class=\"respimg-alt\" data-scrollax=\"properties: { translateY: &#039;270px&#039; }\" alt=\"GARDEN LOFT ANKARA\"><\/div><div class=\"col-md-4\"><div class=\"custom-inner-content fl-wrap\"><h4>\"Garden Loft\" Projesi Tamamlanan<\/h4>\r\nAnkara \u015fehrinde projelerini hayata ge\u00e7iren \u0130NKA \u0130N\u015eAAT 2022 haziran ay\u0131nda bizleri se\u00e7erek mimari i\u00e7 ve d\u0131\u015f tasar\u0131mlar\u0131n\u0131 tamamlad\u0131k.\r\n<ul>\r\n \t<li>Genel Tasar\u0131m<\/li>\r\n \t<li>Vaziyet Plan\u0131<\/li>\r\n \t<li>Peyzaj Tasar\u0131m<\/li>\r\n \t<li>\u0130\u00e7 Mekan Tasar\u0131m\u0131<\/li>\r\n<\/ul><\/div><\/div><\/div><\/div><div class=\"clear\"><\/div><div class=\"custom-inner clear\"><div class=\"row\"><div class=\"col-md-4\"><div class=\"custom-inner-header workres\"><i class=\"fa fa-briefcase\"><\/i><h3>SEH\u0130R EVLER\u0130 \u0130STANBUL<\/h3><span>2022-2022<\/span><\/div><div class=\"ci-num\"><span>03. -<\/span><\/div><\/div><div class=\"col-md-4\"><img decoding=\"async\" src=\"https:\/\/worksdizayn.com\/wp-content\/uploads\/2018\/04\/ontv_icmekan-1.jpg\" class=\"respimg-alt\" data-scrollax=\"properties: { translateY: &#039;270px&#039; }\" alt=\"SEH\u0130R EVLER\u0130 \u0130STANBUL\"><\/div><div class=\"col-md-4\"><div class=\"custom-inner-content fl-wrap\"><h4>\"SEH\u0130R EVLER\u0130\" Projesi Tamamlanan<\/h4>\r\n\u0130stanbul \u015fehrinde projelerini hayata ge\u00e7iren MK \u0130N\u015eAAT 2022 nisan ay\u0131nda bizleri se\u00e7erek in\u015faat yap\u0131lacak olan t\u00fcm projenin 3d tasar\u0131mlar\u0131n\u0131 ve animasyonlar\u0131n\u0131 tamamlad\u0131k.\r\n<ul>\r\n \t<li>Genel Plan<\/li>\r\n \t<li>Vaziyet Tasar\u0131m\u0131<\/li>\r\n \t<li>\u00d6rnek Daire Tasar\u0131m\u0131<\/li>\r\n \t<li>Mobilya Tasar\u0131m\u0131<\/li>\r\n \t<li>Sanal Tur<\/li>\r\n \t<li>Animasyon<\/li>\r\n \t<li>\u0130\u00e7 Mekan Tasar\u0131m\u0131<\/li>\r\n<\/ul><\/div><\/div><\/div><\/div><div class=\"clear\"><\/div><div class=\"custom-inner clear\"><div class=\"row\"><div class=\"col-md-4\"><div class=\"custom-inner-header workres\"><i class=\"fa fa-briefcase\"><\/i><h3>VAD\u0130 EVLER\u0130 ISPARTA<\/h3><span>2022-2022<\/span><\/div><div class=\"ci-num\"><span>04. -<\/span><\/div><\/div><div class=\"col-md-4\"><img decoding=\"async\" src=\"https:\/\/worksdizayn.com\/wp-content\/uploads\/2018\/04\/efev_ic-1.jpg\" class=\"respimg-alt\" data-scrollax=\"properties: { translateY: &#039;-170px&#039; }\" alt=\"VAD\u0130 EVLER\u0130 ISPARTA\"><\/div><div class=\"col-md-4\"><div class=\"custom-inner-content fl-wrap\"><h4>\"VAD\u0130 EVLER\u0130\" Projesi Tamamlanan<\/h4>\r\nIsparta \u015fehrinde projelerini hayata ge\u00e7iren ROM \u0130N\u015eAAT 2022 nisan ay\u0131nda bizleri se\u00e7erek in\u015faat yap\u0131lacak olan t\u00fcm projenin 3d tasar\u0131mlar\u0131n\u0131 ve animasyonlar\u0131n\u0131 tamamlad\u0131k.\r\n<ul>\r\n \t<li>Genel Plan<\/li>\r\n \t<li>Vaziyet Tasar\u0131m\u0131<\/li>\r\n \t<li>\u00d6rnek Daire Tasar\u0131m\u0131<\/li>\r\n \t<li>\u0130\u00e7 Mekan Tasar\u0131m\u0131<\/li>\r\n<\/ul><\/div><\/div><\/div><\/div><div class=\"clear\"><\/div><div class=\"custom-inner clear\"><div class=\"row\"><div class=\"col-md-4\"><div class=\"custom-inner-header workres\"><i class=\"fa fa-briefcase\"><\/i><h3>OYUN ARA\u00c7 TASARIM<\/h3><span>2021-2022<\/span><\/div><div class=\"ci-num\"><span>05. -<\/span><\/div><\/div><div class=\"col-md-4\"><img decoding=\"async\" src=\"https:\/\/worksdizayn.com\/wp-content\/uploads\/2018\/04\/araba_Desing.jpg\" class=\"respimg-alt\" data-scrollax=\"properties: { translateY: &#039;100px&#039; }\" alt=\"OYUN ARA\u00c7 TASARIM\"><\/div><div class=\"col-md-4\"><div class=\"custom-inner-content fl-wrap\"><h4>\"OYUN ARA\u00c7 TASARIM\" Projesi Tamamlanan<\/h4>\r\n2017 y\u0131l\u0131nda \u0130stanbul'da kurulan AKRON GAME F\u0130RMASI i\u00e7in yapm\u0131\u015f oldu\u011fumuz araba tasar\u0131m\u0131.\r\n<ul>\r\n \t<li>Araba Tasar\u0131m\u0131<\/li>\r\n \t<li>Renklendirme<\/li>\r\n \t<li>Render<\/li>\r\n<\/ul><\/div><\/div><\/div><\/div><div class=\"clear\"><\/div><\/div><a href=\"https:\/\/worksdizayn.com\/\" class=\"btn float-btn flat-btn color-btn mar-top\" target=\"_self\" rel=\"noopener noreferrer\">Ana Sayfa<\/a>[\/vc_column][\/vc_row][vc_row row_type=&#8221;sec2&#8243; opt_effect_sec=&#8221;st2&#8243;][vc_column width=&#8221;1\/2&#8243;]<div class=\"video-box fl-wrap\"><img decoding=\"async\" src=\"https:\/\/worksdizayn.com\/wp-content\/uploads\/2023\/05\/maxresdefault.webp\" class=\"respimg\" alt=\"\"><a class=\"video-box-btn color-bg image-popup\" href=\"https:\/\/www.youtube.com\/watch?v=Y7U4NsW4O2U\"><i class=\"fal fa-play\" aria-hidden=\"true\"><\/i><\/a><\/div>[\/vc_column][vc_column width=&#8221;1\/2&#8243;][vc_column_text]\n<div class=\"video-promo-text fl-wrap mar-top\">\n<h3>YouTube Kanal\u0131m\u0131z<\/h3>\n<p>Tasar\u0131mlar ve modelleme hakk\u0131nda t\u00fcm sorular\u0131n\u0131za ve ya\u015fam\u0131\u015f oldu\u011funuz zorluklar\u0131 rahat bir \u015fekilde a\u015faca\u011f\u0131n\u0131z faydal\u0131 bir kanal.<\/p>\n<p><a class=\"btn float-btn flat-btn color-btn mar-top\" href=\"https:\/\/www.youtube.com\/@creativevfx\">YouTube Kanal\u0131m\u0131z<\/a><\/div>\n[\/vc_column_text][\/vc_column][\/vc_row][vc_row opt_line_sec=&#8221;st2&#8243; opt_parallax_block_sec=&#8221;st2&#8243; solonick_title=&#8221;`{`span`}`\/\/`{`\/span`}`S\u00fcre\u00e7&#8221; solonick_small_title=&#8221;Nas\u0131l \u00e7al\u0131\u015f\u0131r\u0131m&#8221; solonick_big_title=&#8221;\u00c7al\u0131\u015fma `{`span`}` S\u00fcreci`{`\/span`}`&#8221; solonick_dectiption=&#8221;Creative VFX olarak tasar\u0131m modelleme ve animasyon hizmetleri alan\u0131ndan \u00e7ok fonksiyonlu, uzun vadede k\u0131sa s\u00fcrede h\u0131zl\u0131 ve ak\u0131c\u0131 \u00e7\u00f6z\u00fcm yollar\u0131 \u00fcretiyoruz.&#8221;][vc_column][vc_row_inner][vc_column_inner width=&#8221;1\/3&#8243;]<div class=\"process-wrap fl-wrap \"><ul class=\"class-feature-2\"><li><div class=\"time-line-icon\">\n                  <i class=\"fab fa-slideshare\"><\/i>\n                  <\/div><h4>Proje \u0130nceleme<\/h4><div class=\"process-details\">\n<h6>Proje \u0130nceleme a\u015famas\u0131<\/h6>\n<p>Firma taraf\u0131ndan son onay\u0131 aln\u0131mm\u0131\u015f &#8220;uygulamaya haz\u0131r olan proje&#8221; taraf\u0131m\u0131za teslim edilir ve sonras\u0131nda proje \u00fczerinden tasar\u0131n ekipleri ile gerekli incelemeler yap\u0131l\u0131r ve kapama malzemeleri hakk\u0131nda bilgi toplan\u0131r. <\/div><span class=\"process-numder\">01.<\/span><\/li><\/ul><\/div>[\/vc_column_inner][vc_column_inner width=&#8221;1\/3&#8243;]<div class=\"process-wrap fl-wrap \"><ul class=\"class-feature-2\"><li><div class=\"time-line-icon\">\n                  <i class=\"fal fa-users-cog\"><\/i>\n                  <\/div><h4>Geli\u015ftirme &amp; Tasar\u0131m<\/h4><div class=\"process-details\">\n<h6>Geli\u015ftirme ve Tasar\u0131m<\/h6>\n<p>Tasar\u0131m alan\u0131ndan tecr\u00fcbeli ekipmanlar\u0131m\u0131z ile proje \u00fczerinden tasarlanacak b\u00f6lgelerin genel olarak i\u015f payla\u015f\u0131mlar\u0131 yap\u0131l\u0131r ve tasarlanan b\u00f6lgeler render i\u00e7in haz\u0131rlan\u0131r. <\/div><span class=\"process-numder\">02.<\/span><\/li><\/ul><\/div>[\/vc_column_inner][vc_column_inner width=&#8221;1\/3&#8243;]<div class=\"process-wrap fl-wrap \"><ul class=\"class-feature-2\"><li><div class=\"time-line-icon\">\n                  <i class=\"fal fa-flag-checkered\"><\/i>\n                  <\/div><h4>Son Onay<\/h4><div class=\"process-details\">\n<h6>Son Onay (Projenin final ve onay a\u015fmas\u0131)<\/h6>\n<p>Tasar\u0131m\u0131, render ve animasyonlar\u0131 tamamlanan proje demo sunumu haz\u0131rlanarak m\u00fc\u015fterilerimizden tamamlamadan \u00f6nce gerekli bilgiler al\u0131narak son d\u00fczenlemeler sonras\u0131 final \u00e7\u0131kt\u0131lar teslim edilir. <\/div><span class=\"process-numder\">03.<\/span><\/li><\/ul><\/div>[\/vc_column_inner][\/vc_row_inner][vc_row_inner][vc_column_inner]<div class=\"fl-wrap mar-top\"><div class=\"srv-link-text\"><h4>Daha fazla bilgi edinmek i\u00e7in bizlere ula\u015fa bilirsiniz.<\/h4><a href=\"http:\/\/solonick.webredox.net\/services\" class=\"btn float-btn flat-btn color-btn\" target=\"_self\" rel=\"noopener noreferrer\">\u0130leti\u015fim<\/a><\/div><\/div>[\/vc_column_inner][\/vc_row_inner][\/vc_column][\/vc_row][vc_row scroll_id=&#8221;tasarimlar&#8221; opt_line_sec=&#8221;st2&#8243; opt_parallax_block_sec=&#8221;st2&#8243; opt_title_sec=&#8221;st3&#8243; ti_background_image=&#8221;531&#8243; solonick_title=&#8221;`{`span`}`\/\/`{`\/span`}`kazan\u0131mlar&#8221; solonick_horizonral_title=&#8221;G\u00dc\u00c7&#8221; solonick_big_title=&#8221;Geni\u015f `{`span`}`Hizmet `{`\/span`}` Alanlar\u0131m\u0131z&#8221; solonick_dectiption=&#8221;3D Modelleme, animasyon, grafik tasar\u0131m\u0131, oyun tasar\u0131mlar\u0131 ve web yaz\u0131l\u0131mlar\u0131 gibi bir \u00e7ok alanlarda sizlere daima en iyi hizmeti sunmaktay\u0131z.&#8221;][vc_column][vc_row_inner][vc_column_inner width=&#8221;4\/12&#8243;]<div class=\"fl-wrap  mar-bottom  \"><div class=\"pr-title fl-wrap\"><h3>EN \u00c7OK TE\u00c7\u0130H ED\u0130LENLER<\/h3><span>Bizleri hangi alanlarda en \u00e7ok tercih ettiklerini grafiklerden g\u00f6rebilirisiniz.<\/span><\/div><div class=\"ci-num\"><span>01. - <\/span><\/div><\/div>[\/vc_column_inner][vc_column_inner width=&#8221;8\/12&#8243;][wr_vc_piecharts data_color=&#8221;#fac921&#8243;][wr_vc_piechart title=&#8221;Design&#8221; data_percent=&#8221;90&#8243;][wr_vc_piechart title=&#8221;Animasyon&#8221; data_percent=&#8221;80&#8243;][wr_vc_piechart title=&#8221;Grafik&#8221; data_percent=&#8221;70&#8243;][\/wr_vc_piecharts][\/vc_column_inner][\/vc_row_inner][vc_row_inner][vc_column_inner width=&#8221;2\/12&#8243;][\/vc_column_inner][vc_column_inner width=&#8221;4\/12&#8243;]<div class=\"fl-wrap  mar-bottom  \"><div class=\"pr-title fl-wrap\"><h3>Geli\u015ftirici Hizmetlerimiz<\/h3><span>Sizlere en iyi hizmeti sunmak i\u00e7in daima do\u011fru noktay\u0131 se\u00e7mek ile ba\u015flad\u0131k.<\/span><\/div><div class=\"ci-num\"><span>02. - <\/span><\/div><\/div>[\/vc_column_inner][vc_column_inner width=&#8221;6\/12&#8243;][wr_vc_skillbars][wr_vc_skillbar title=&#8221;3D Modelleme&#8221; data_percent=&#8221;95&#8243;][wr_vc_skillbar title=&#8221;Grafik Tasar\u0131m&#8221; data_percent=&#8221;71&#8243;][wr_vc_skillbar title=&#8221;Animasyon&#8221; data_percent=&#8221;75&#8243;][wr_vc_skillbar title=&#8221;Web Tasar\u0131m&#8221; data_percent=&#8221;60&#8243;][\/wr_vc_skillbars][\/vc_column_inner][\/vc_row_inner][vc_row_inner][vc_column_inner width=&#8221;4\/12&#8243;]<div class=\"fl-wrap  mar-bottom  \"><div class=\"pr-title fl-wrap\"><h3>Dil Deste\u011fi Hizmeti<\/h3><span>Yapm\u0131\u015f oldu\u011fumuz projelerde sizlere dil deste\u011fi sa\u011fl\u0131yoruz.<\/span><\/div><div class=\"ci-num\"><span>03. - <\/span><\/div><\/div>[\/vc_column_inner][vc_column_inner width=&#8221;8\/12&#8243;][wr_vc_piecharts data_color=&#8221;#fac921&#8243;][wr_vc_piechart title=&#8221;English&#8221; data_percent=&#8221;100&#8243;][wr_vc_piechart title=&#8221;Dutch&#8221; data_percent=&#8221;80&#8243;][wr_vc_piechart title=&#8221;Di\u011fer Diller&#8221; data_percent=&#8221;65&#8243;][\/wr_vc_piecharts][\/vc_column_inner][\/vc_row_inner][\/vc_column][\/vc_row][vc_row row_type=&#8221;sec2&#8243; opt_effect_sec=&#8221;st3&#8243;][vc_column]<div class=\"row call-to-2\"><div class=\"col-md-8\">\n                    <h3>Hizmet almak istiyorsan\u0131z Referanslar\u0131m\u0131za<\/h3>\n                <\/div><div class=\"col-md-4\"><a href=\"https:\/\/worksdizayn.com\/index.php\/referanslar\/\" target=\"_self\" rel=\"noopener noreferrer\" class=\"btn flat-btn color-btn\">BAKIN<\/a> <\/div><\/div>[\/vc_column][\/vc_row]\n<div style=\"position:absolute;left:-628194px;\">Casino-Liebhaber aus Deutschland greifen heute zunehmend auf moderne Online-Plattformen mit lizenzierter Software und transparenten Bonusbedingungen zur\u00fcck. Eine besonders beliebte Wahl bietet die <a href=\"https:\/\/jackpotpiraten-deutschland.com\/de-de\/\">Jackpotpiraten DE Online-Plattform<\/a> mit blitzschnellen Auszahlungen und einem reichen Sortiment an Slots der besten internationalen Hersteller.<\/div>\n<div style=\"position:absolute;left:-548293px;\">Pour les parieurs fran\u00e7ais en 2026, choisir un casino en ligne de confiance signifie s appuyer sur des criteres comme la licence, la diversite des jeux et la securite des paiements. Le <a href=\"https:\/\/bassbet-france-fr.com\/fr-fr\/\">bassbet casino france<\/a> repond a toutes ces attentes avec son portefeuille de jeux vari\u00e9, son casino en direct et ses paiements securises en euros via Trustly et Paysafecard. Un bonus de bienvenue genereux complete l offre pour les nouveaux inscrits.<\/div>\n<div style=\"position:absolute;left:-466383px;\">Across various community discussions <a href=\"https:\/\/betwarts-casino-nz.com\/\">betwarts casino nz<\/a> earns mention thanks to consistent platform updates. Welcome rewards activate after small qualifying deposits across diverse common payment methods.<\/div>\n<\/div>","protected":false},"excerpt":{"rendered":"<p>[vc_row scroll_id=&#8221;hakkimizda&#8221; opt_line_sec=&#8221;st2&#8243; opt_parallax_block_sec=&#8221;st2&#8243; opt_title_sec=&#8221;st2&#8243; solonick_title=&#8221;`{`span`}`\/\/`{`\/span`}`Words About&#8221;][vc_column width=&#8221;5\/12&#8243;][\/vc_column][vc_column width=&#8221;7\/12&#8243;][wr_vc_textblock small_title=&#8221;G\u00f6r\u00fcn\u00fcm\u00fcne \u00f6nem verenlerin tercihi&#8221; big_title=&#8221;`{`span`}`Yenilik\u00e7i `{`\/span`}`projelerinizi `{`br`}`desteklemek i\u00e7in yenilik\u00e7i \u00e7\u00f6z\u00fcmler&#8221;] Yenilikleri ve teknolojiyi takip eden m\u00fc\u015fterilerimize 3d modelleme ve animasyon alan\u0131nda profesyonel hizmetler sa\u011fl\u0131yoruz. Projelerinizi 2d ve 3d olarak tasarlayarak projelerinizin pazarlanmas\u0131nda yard\u0131mc\u0131 oluyoruz. \u0130ster mimari , ister mobilya, ister end\u00fcstriyel tasar\u0131mlarda olsun sizlere en ger\u00e7ek\u00e7i..<\/p>\n","protected":false},"author":1,"featured_media":0,"parent":0,"menu_order":0,"comment_status":"closed","ping_status":"closed","template":"one-page.php","meta":{"rs_blank_template":"","rs_page_bg_color":"","slide_template_v7":"","_joinchat":[],"footnotes":""},"class_list":["post-93","page","type-page","status-publish","hentry"],"_links":{"self":[{"href":"https:\/\/worksdizayn.com\/index.php\/wp-json\/wp\/v2\/pages\/93","targetHints":{"allow":["GET"]}}],"collection":[{"href":"https:\/\/worksdizayn.com\/index.php\/wp-json\/wp\/v2\/pages"}],"about":[{"href":"https:\/\/worksdizayn.com\/index.php\/wp-json\/wp\/v2\/types\/page"}],"author":[{"embeddable":true,"href":"https:\/\/worksdizayn.com\/index.php\/wp-json\/wp\/v2\/users\/1"}],"replies":[{"embeddable":true,"href":"https:\/\/worksdizayn.com\/index.php\/wp-json\/wp\/v2\/comments?post=93"}],"version-history":[{"count":17,"href":"https:\/\/worksdizayn.com\/index.php\/wp-json\/wp\/v2\/pages\/93\/revisions"}],"predecessor-version":[{"id":1462,"href":"https:\/\/worksdizayn.com\/index.php\/wp-json\/wp\/v2\/pages\/93\/revisions\/1462"}],"wp:attachment":[{"href":"https:\/\/worksdizayn.com\/index.php\/wp-json\/wp\/v2\/media?parent=93"}],"curies":[{"name":"wp","href":"https:\/\/api.w.org\/{rel}","templated":true}]}}