{"id":308,"date":"2018-05-01T18:13:42","date_gmt":"2018-05-01T18:13:42","guid":{"rendered":"http:\/\/solonick.webredox.net\/?page_id=308"},"modified":"2023-06-01T22:52:20","modified_gmt":"2023-06-01T19:52:20","slug":"hizmetlerimiz","status":"publish","type":"page","link":"https:\/\/worksdizayn.com\/index.php\/hizmetlerimiz\/","title":{"rendered":"hizmetlerimiz"},"content":{"rendered":"<div class=\"wpb-content-wrapper\">[vc_row opt_line_sec=&#8221;st2&#8243; opt_parallax_block_sec=&#8221;st2&#8243; opt_title_sec=&#8221;st2&#8243; solonick_title=&#8221;Hizmetlerimiz&#8221;][vc_column][wr_vc_feature_cars][wr_vc_feature_car title=&#8221;3D Tasar\u0131m&#8221; number=&#8221;01&#8243; iconclass=&#8221;fal fa-bring-forward&#8221; image=&#8221;473&#8243;]Gerek mimari gerek end\u00fcstriyel tasar\u0131mlar\u0131n\u0131z\u0131 3d modelleme programlar\u0131 sayesinde m\u00fc\u015fterilerinize \u00fcr\u00fcnlerin tamamlanm\u0131\u015f hallerini sunuyoruz. Projelerinizin yap\u0131m\u0131 devam ederken siz m\u00fc\u015fterilerinize dijital alanda projelerinizin detaylar\u0131n\u0131n sunumunu yapabiliriz<\/p>\n<ul>\n<li>3D Modelleme<\/li>\n<li>3D Tasar\u0131m<\/li>\n<li>3D Render<\/li>\n<\/ul>\n[\/wr_vc_feature_car][wr_vc_feature_car title=&#8221;Animasyon&#8221; number=&#8221;02&#8243; iconclass=&#8221;fal fa-film-canister&#8221; image=&#8221;549&#8243;]3D animasyon konusunda sizlere profesyonel hizmeti do\u011fru zamanda ve en y\u00fcksek kalitede sunmay\u0131 ama\u00e7l\u0131yoruz.<\/p>\n<ul>\n<li>3D Animasyon<\/li>\n<li>Animasyon<\/li>\n<li>Tasar\u0131m Render Animasyon<\/li>\n<\/ul>\n[\/wr_vc_feature_car][wr_vc_feature_car title=&#8221;Web Tasar\u0131m&#8221; number=&#8221;03&#8243; iconclass=&#8221;fal fa-desktop-alt&#8221; image=&#8221;591&#8243;]Web\u00a0sitesi kurumunuza ait kullan\u0131m\u0131 kolay ve eri\u015filebilir olas\u0131n\u0131n yan\u0131 s\u0131ra arama motorlar\u0131 optimizasyonuna uygun haz\u0131rlanmal\u0131 g\u00fcncel yaz\u0131l\u0131m dilleri tasarlan\u0131p uygulanmal\u0131. Alan\u0131nda uzaman ekip ile sizlere daima en iyi web tasar\u0131m yaz\u0131l\u0131m ve uygulama hizmeti sunaca\u011f\u0131z.<\/p>\n<ul>\n<li>Web Tasar\u0131m<\/li>\n<li>Php Code<\/li>\n<li>MYSQL<\/li>\n<\/ul>\n[\/wr_vc_feature_car][wr_vc_feature_car title=&#8221;Grafik Tasar\u0131m&#8221; number=&#8221;04&#8243; iconclass=&#8221;fal fa-pen-nib&#8221; image=&#8221;592&#8243;]Firman\u0131z\u0131n aynas\u0131 olarak kabul edilen kurumsal kimlik tasar\u0131m\u0131 ve dergi katalog tasar\u0131m\u0131, afi\u015f tasar\u0131m\u0131, el ilan\u0131 tasar\u0131m\u0131, promosyon \u00fcr\u00fcn tasar\u0131m\u0131, promosyon \u00fcr\u00fcnleri, kartvizit tasar\u0131m\u0131, web tasar\u0131m\u0131, logo tasar\u0131m\u0131 gibi hizmetlerin tasar\u0131m\u0131 ve bask\u0131 hizmetlerini kapsamaktad\u0131r.<\/p>\n<ul>\n<li>Dergi Tasar\u0131m<\/li>\n<li>Bro\u015f\u00fcr Tasar\u0131m<\/li>\n<li>A\u015fif Tasar\u0131m<\/li>\n<\/ul>\n[\/wr_vc_feature_car][\/wr_vc_feature_cars][\/vc_column][\/vc_row][vc_row row_type=&#8221;sec2&#8243; opt_effect_sec=&#8221;st2&#8243;][vc_column width=&#8221;1\/2&#8243;]<div class=\"video-box fl-wrap\"><img decoding=\"async\" src=\"https:\/\/worksdizayn.com\/wp-content\/uploads\/2023\/05\/maxresdefault.webp\" class=\"respimg\" alt=\"\"><a class=\"video-box-btn color-bg image-popup\" href=\"https:\/\/www.youtube.com\/watch?v=Y7U4NsW4O2U\"><i class=\"fal fa-play\" aria-hidden=\"true\"><\/i><\/a><\/div>[\/vc_column][vc_column width=&#8221;1\/2&#8243;][vc_column_text]\n<div class=\"video-promo-text fl-wrap mar-top\">\n<h3>YouTube Kanal\u0131m\u0131z<\/h3>\n<p>Tasar\u0131mlar ve modelleme hakk\u0131nda t\u00fcm sorular\u0131n\u0131za ve ya\u015fam\u0131\u015f oldu\u011funuz zorluklar\u0131 rahat bir \u015fekilde a\u015faca\u011f\u0131n\u0131z faydal\u0131 bir kanal.<\/p>\n<p><a class=\"btn float-btn flat-btn color-btn mar-top\" href=\"https:\/\/www.youtube.com\/@creativevfx\">YouTube Kanal\u0131m\u0131z<\/a><\/p>\n<\/div>\n[\/vc_column_text][\/vc_column][\/vc_row]\n<\/div>","protected":false},"excerpt":{"rendered":"<p>[vc_row opt_line_sec=&#8221;st2&#8243; opt_parallax_block_sec=&#8221;st2&#8243; opt_title_sec=&#8221;st2&#8243; solonick_title=&#8221;Hizmetlerimiz&#8221;][vc_column][wr_vc_feature_cars][wr_vc_feature_car title=&#8221;3D Tasar\u0131m&#8221; number=&#8221;01&#8243; iconclass=&#8221;fal fa-bring-forward&#8221; image=&#8221;473&#8243;]Gerek mimari gerek end\u00fcstriyel tasar\u0131mlar\u0131n\u0131z\u0131 3d modelleme programlar\u0131 sayesinde m\u00fc\u015fterilerinize \u00fcr\u00fcnlerin tamamlanm\u0131\u015f hallerini sunuyoruz. Projelerinizin yap\u0131m\u0131 devam ederken siz m\u00fc\u015fterilerinize dijital alanda projelerinizin detaylar\u0131n\u0131n sunumunu yapabiliriz 3D Modelleme 3D Tasar\u0131m 3D Render [\/wr_vc_feature_car][wr_vc_feature_car title=&#8221;Animasyon&#8221; number=&#8221;02&#8243; iconclass=&#8221;fal fa-film-canister&#8221; image=&#8221;549&#8243;]3D animasyon konusunda sizlere profesyonel hizmeti do\u011fru zamanda..<\/p>\n","protected":false},"author":1,"featured_media":309,"parent":0,"menu_order":0,"comment_status":"closed","ping_status":"closed","template":"","meta":{"rs_blank_template":"","rs_page_bg_color":"","slide_template_v7":"","_joinchat":[],"footnotes":""},"class_list":["post-308","page","type-page","status-publish","has-post-thumbnail","hentry"],"_links":{"self":[{"href":"https:\/\/worksdizayn.com\/index.php\/wp-json\/wp\/v2\/pages\/308","targetHints":{"allow":["GET"]}}],"collection":[{"href":"https:\/\/worksdizayn.com\/index.php\/wp-json\/wp\/v2\/pages"}],"about":[{"href":"https:\/\/worksdizayn.com\/index.php\/wp-json\/wp\/v2\/types\/page"}],"author":[{"embeddable":true,"href":"https:\/\/worksdizayn.com\/index.php\/wp-json\/wp\/v2\/users\/1"}],"replies":[{"embeddable":true,"href":"https:\/\/worksdizayn.com\/index.php\/wp-json\/wp\/v2\/comments?post=308"}],"version-history":[{"count":4,"href":"https:\/\/worksdizayn.com\/index.php\/wp-json\/wp\/v2\/pages\/308\/revisions"}],"predecessor-version":[{"id":638,"href":"https:\/\/worksdizayn.com\/index.php\/wp-json\/wp\/v2\/pages\/308\/revisions\/638"}],"wp:featuredmedia":[{"embeddable":true,"href":"https:\/\/worksdizayn.com\/index.php\/wp-json\/wp\/v2\/media\/309"}],"wp:attachment":[{"href":"https:\/\/worksdizayn.com\/index.php\/wp-json\/wp\/v2\/media?parent=308"}],"curies":[{"name":"wp","href":"https:\/\/api.w.org\/{rel}","templated":true}]}}