{"id":278,"date":"2018-05-01T16:01:20","date_gmt":"2018-05-01T16:01:20","guid":{"rendered":"http:\/\/solonick.webredox.net\/?page_id=278"},"modified":"2023-06-01T20:11:27","modified_gmt":"2023-06-01T17:11:27","slug":"iletisim","status":"publish","type":"page","link":"https:\/\/worksdizayn.com\/index.php\/iletisim\/","title":{"rendered":"\u0130leti\u015fim"},"content":{"rendered":"<div class=\"wpb-content-wrapper\">[vc_row opt_line_sec=&#8221;st2&#8243; opt_parallax_block_sec=&#8221;st2&#8243; opt_title_sec=&#8221;st2&#8243; solonick_title=&#8221;Get in Touch`{`span`}`\/\/`{`\/span`}`&#8221;][vc_column][vc_row_inner][vc_column_inner width=&#8221;1\/4&#8243;]<div class=\"fl-wrap  mar-bottom  \"><div class=\"pr-title fl-wrap\"><h3>\u0130leti\u015fim Detaylar\u0131<\/h3><span>Detayl\u0131 bilgi i\u00e7in bizler ile irtibata ge\u00e7e bilirsiniz.<\/span><\/div><\/div>[\/vc_column_inner][vc_column_inner width=&#8221;1\/4&#8243;]<div class=\"mar-top mar-bottom\"><div class=\"features-box-container single-serv fl-wrap\"><div class=\"features-box\"><div class=\"time-line-icon\">\n                   <i class=\"fal fa-map-pin\"><\/i>\n                   <\/div><h3>01. Adres<\/h3>Filistin Cd. Ilgaz Sk. No: 9\/3 G.O.P. \/ \u00c7ankaya \/ Ankara<\/div><\/div><\/div>[\/vc_column_inner][vc_column_inner width=&#8221;1\/4&#8243;]<div class=\"mar-top mar-bottom\"><div class=\"features-box-container single-serv fl-wrap\"><div class=\"features-box\"><div class=\"time-line-icon\">\n                   <i class=\"fal fa-compass\"><\/i>\n                   <\/div><h3>02. Mobil<\/h3>+90 507 785 97 41<\/div><\/div><\/div>[\/vc_column_inner][vc_column_inner width=&#8221;1\/4&#8243;]<div class=\"mar-top mar-bottom\"><div class=\"features-box-container single-serv fl-wrap\"><div class=\"features-box\"><div class=\"time-line-icon\">\n                   <i class=\"fal fa-envelope-open\"><\/i>\n                   <\/div><h3>03. Email<\/h3>info@worksdizayn.com<\/div><\/div><\/div>[\/vc_column_inner][\/vc_row_inner][vc_row_inner][vc_column_inner]<div class=\"fw-map-container fl-wrap mar-bottom\">\n                <div class=\"map-container\">\n                    <div id=\"singleMap\" data-map-back=\"\/\/{s}.basemaps.cartocdn.com\/dark_all\/{z}\/{x}\/{y}.png\" data-latlog=\"[39.920678, 32.853899]\" data-popuptext=\"Filistin Cd. Ilgaz Sk. No: 9\/3 G.O.P. \/ \u00c7ankaya \/ Ankara\" data-popupicon=\"https:\/\/worksdizayn.com\/wp-content\/uploads\/2018\/05\/marker.png\"><\/div>\n                <\/div>\n                <\/div>[\/vc_column_inner][\/vc_row_inner][vc_row_inner][vc_column_inner width=&#8221;3\/12&#8243;]<div class=\"fl-wrap  mar-bottom  \"><div class=\"pr-title fl-wrap\"><h3>\u0130leti\u015fime Formu<\/h3><span>Projeleriniz ile ilgili tasar\u0131m bilgisi almak i\u00e7in ileti\u015fim formunu doldura bilirsiniz.<\/span><\/div><\/div>[\/vc_column_inner][vc_column_inner width=&#8221;7\/12&#8243;]\n<div class=\"wpcf7 no-js\" id=\"wpcf7-f467-o1\" lang=\"tr-TR\" dir=\"ltr\" data-wpcf7-id=\"467\">\n<div class=\"screen-reader-response\"><p role=\"status\" aria-live=\"polite\" aria-atomic=\"true\"><\/p> <ul><\/ul><\/div>\n<form action=\"\/index.php\/wp-json\/wp\/v2\/pages\/278#wpcf7-f467-o1\" method=\"post\" class=\"wpcf7-form init\" aria-label=\"\u0130leti\u015fim Formu\" novalidate=\"novalidate\" data-status=\"init\">\n<fieldset class=\"hidden-fields-container\"><input type=\"hidden\" name=\"_wpcf7\" value=\"467\" \/><input type=\"hidden\" name=\"_wpcf7_version\" value=\"6.1.5\" \/><input type=\"hidden\" name=\"_wpcf7_locale\" value=\"tr_TR\" \/><input type=\"hidden\" name=\"_wpcf7_unit_tag\" value=\"wpcf7-f467-o1\" \/><input type=\"hidden\" name=\"_wpcf7_container_post\" value=\"0\" \/><input type=\"hidden\" name=\"_wpcf7_posted_data_hash\" value=\"\" \/>\n<\/fieldset>\n<p><label> Ad\u0131n\u0131z<br \/>\n<span class=\"wpcf7-form-control-wrap\" data-name=\"your-name\"><input size=\"40\" maxlength=\"400\" class=\"wpcf7-form-control wpcf7-text wpcf7-validates-as-required\" autocomplete=\"name\" aria-required=\"true\" aria-invalid=\"false\" value=\"\" type=\"text\" name=\"your-name\" \/><\/span> <\/label>\n<\/p>\n<p><label> E-posta adresiniz<br \/>\n<span class=\"wpcf7-form-control-wrap\" data-name=\"your-email\"><input size=\"40\" maxlength=\"400\" class=\"wpcf7-form-control wpcf7-email wpcf7-validates-as-required wpcf7-text wpcf7-validates-as-email\" autocomplete=\"email\" aria-required=\"true\" aria-invalid=\"false\" value=\"\" type=\"email\" name=\"your-email\" \/><\/span> <\/label><br \/>\n<label> Telefon<br \/>\n<span class=\"wpcf7-form-control-wrap\" data-name=\"your-tel\"><input size=\"40\" maxlength=\"400\" class=\"wpcf7-form-control wpcf7-tel wpcf7-validates-as-required wpcf7-text wpcf7-validates-as-tel\" autocomplete=\"tel\" aria-required=\"true\" aria-invalid=\"false\" value=\"\" type=\"tel\" name=\"your-tel\" \/><\/span> <\/label><br \/>\n<label> Konu<br \/>\n<span class=\"wpcf7-form-control-wrap\" data-name=\"your-subject\"><input size=\"40\" maxlength=\"400\" class=\"wpcf7-form-control wpcf7-text wpcf7-validates-as-required\" aria-required=\"true\" aria-invalid=\"false\" value=\"\" type=\"text\" name=\"your-subject\" \/><\/span> <\/label>\n<\/p>\n<p><label> Mesaj\u0131n\u0131z<br \/>\n<span class=\"wpcf7-form-control-wrap\" data-name=\"your-message\"><textarea cols=\"40\" rows=\"10\" maxlength=\"2000\" class=\"wpcf7-form-control wpcf7-textarea\" aria-invalid=\"false\" name=\"your-message\"><\/textarea><\/span> <\/label>\n<\/p>\n<div style=\"float:right;\">\n\t<div id=\"cf7sr-6a032960d711e\" class=\"cf7sr-g-recaptcha\" data-theme=\"light\" data-type=\"image\" data-size=\"normal\" data-sitekey=\"6LedX7skAAAAANtUz0Yw5gpa4Xpb_YP_nIvuDpSd\"><\/div><span class=\"wpcf7-form-control-wrap cf7sr-recaptcha\" data-name=\"cf7sr-recaptcha\"><input type=\"hidden\" name=\"cf7sr-recaptcha\" value=\"\" class=\"wpcf7-form-control\"><\/span>\n\t<\/p>\n<\/div>\n<p><input class=\"wpcf7-form-control wpcf7-submit has-spinner\" type=\"submit\" value=\"G\u00f6nder\" \/>\n<\/p><div class=\"wpcf7-response-output\" aria-hidden=\"true\"><\/div>\n<\/form>\n<\/div>\n[\/vc_column_inner][\/vc_row_inner][\/vc_column][\/vc_row]\n<\/div>","protected":false},"excerpt":{"rendered":"<p>[vc_row opt_line_sec=&#8221;st2&#8243; opt_parallax_block_sec=&#8221;st2&#8243; opt_title_sec=&#8221;st2&#8243; solonick_title=&#8221;Get in Touch`{`span`}`\/\/`{`\/span`}`&#8221;][vc_column][vc_row_inner][vc_column_inner width=&#8221;1\/4&#8243;][\/vc_column_inner][vc_column_inner width=&#8221;1\/4&#8243;][\/vc_column_inner][vc_column_inner width=&#8221;1\/4&#8243;][\/vc_column_inner][vc_column_inner width=&#8221;1\/4&#8243;][\/vc_column_inner][\/vc_row_inner][vc_row_inner][vc_column_inner][\/vc_column_inner][\/vc_row_inner][vc_row_inner][vc_column_inner width=&#8221;3\/12&#8243;][\/vc_column_inner][vc_column_inner width=&#8221;7\/12&#8243;][\/vc_column_inner][\/vc_row_inner][\/vc_column][\/vc_row]<\/p>\n","protected":false},"author":1,"featured_media":631,"parent":0,"menu_order":0,"comment_status":"closed","ping_status":"closed","template":"","meta":{"rs_blank_template":"","rs_page_bg_color":"","slide_template_v7":"","_joinchat":[],"footnotes":""},"class_list":["post-278","page","type-page","status-publish","has-post-thumbnail","hentry"],"_links":{"self":[{"href":"https:\/\/worksdizayn.com\/index.php\/wp-json\/wp\/v2\/pages\/278","targetHints":{"allow":["GET"]}}],"collection":[{"href":"https:\/\/worksdizayn.com\/index.php\/wp-json\/wp\/v2\/pages"}],"about":[{"href":"https:\/\/worksdizayn.com\/index.php\/wp-json\/wp\/v2\/types\/page"}],"author":[{"embeddable":true,"href":"https:\/\/worksdizayn.com\/index.php\/wp-json\/wp\/v2\/users\/1"}],"replies":[{"embeddable":true,"href":"https:\/\/worksdizayn.com\/index.php\/wp-json\/wp\/v2\/comments?post=278"}],"version-history":[{"count":15,"href":"https:\/\/worksdizayn.com\/index.php\/wp-json\/wp\/v2\/pages\/278\/revisions"}],"predecessor-version":[{"id":629,"href":"https:\/\/worksdizayn.com\/index.php\/wp-json\/wp\/v2\/pages\/278\/revisions\/629"}],"wp:featuredmedia":[{"embeddable":true,"href":"https:\/\/worksdizayn.com\/index.php\/wp-json\/wp\/v2\/media\/631"}],"wp:attachment":[{"href":"https:\/\/worksdizayn.com\/index.php\/wp-json\/wp\/v2\/media?parent=278"}],"curies":[{"name":"wp","href":"https:\/\/api.w.org\/{rel}","templated":true}]}}